{"id":716,"date":"2017-05-10T23:00:16","date_gmt":"2017-05-10T21:00:16","guid":{"rendered":"http:\/\/www.goodrooms.at\/?page_id=716\/"},"modified":"2024-07-08T13:29:50","modified_gmt":"2024-07-08T11:29:50","slug":"guntramsdorf-directions","status":"publish","type":"page","link":"https:\/\/goodrooms.at\/en\/guntramsdorf-directions\/","title":{"rendered":"GUNTRAMSDORF DIRECTIONS"},"content":{"rendered":"\t\t<div data-elementor-type=\"wp-page\" data-elementor-id=\"716\" class=\"elementor elementor-716\" data-elementor-post-type=\"page\">\n\t\t\t\t<div class=\"elementor-element elementor-element-f83b353 e-flex e-con-boxed e-con e-parent\" data-id=\"f83b353\" data-element_type=\"container\" data-settings=\"{&quot;background_background&quot;:&quot;classic&quot;}\">\n\t\t\t\t\t<div class=\"e-con-inner\">\n\t\t<div class=\"elementor-element elementor-element-dda2fbf e-con-full e-flex e-con e-child\" data-id=\"dda2fbf\" data-element_type=\"container\">\n\t\t\t\t<div class=\"elementor-element elementor-element-834a667 elementor-widget elementor-widget-image\" data-id=\"834a667\" data-element_type=\"widget\" data-widget_type=\"image.default\">\n\t\t\t\t<div class=\"elementor-widget-container\">\n\t\t\t\t\t\t\t\t\t\t\t\t\t\t\t\t<a href=\"https:\/\/goodrooms.at\/wp-content\/uploads\/2017\/01\/Check-In-Lady-stehend-1.jpg\" data-elementor-open-lightbox=\"yes\" data-elementor-lightbox-title=\"GOOD ROOMS GUNTRAMSDORF\" data-e-action-hash=\"#elementor-action%3Aaction%3Dlightbox%26settings%3DeyJpZCI6Mjg1LCJ1cmwiOiJodHRwczpcL1wvZ29vZHJvb21zLmF0XC93cC1jb250ZW50XC91cGxvYWRzXC8yMDE3XC8wMVwvQ2hlY2stSW4tTGFkeS1zdGVoZW5kLTEuanBnIn0%3D\">\n\t\t\t\t\t\t\t<img fetchpriority=\"high\" decoding=\"async\" width=\"682\" height=\"682\" src=\"https:\/\/goodrooms.at\/wp-content\/uploads\/2017\/01\/Check-In-Lady-stehend-1.jpg\" class=\"attachment-large size-large wp-image-285\" alt=\"GOOD ROOMS GUNTRAMSDORF\" srcset=\"https:\/\/goodrooms.at\/wp-content\/uploads\/2017\/01\/Check-In-Lady-stehend-1.jpg 682w, https:\/\/goodrooms.at\/wp-content\/uploads\/2017\/01\/Check-In-Lady-stehend-1-150x150.jpg 150w, https:\/\/goodrooms.at\/wp-content\/uploads\/2017\/01\/Check-In-Lady-stehend-1-300x300.jpg 300w, https:\/\/goodrooms.at\/wp-content\/uploads\/2017\/01\/Check-In-Lady-stehend-1-600x600.jpg 600w, https:\/\/goodrooms.at\/wp-content\/uploads\/2017\/01\/Check-In-Lady-stehend-1-66x66.jpg 66w, https:\/\/goodrooms.at\/wp-content\/uploads\/2017\/01\/Check-In-Lady-stehend-1-200x200.jpg 200w, https:\/\/goodrooms.at\/wp-content\/uploads\/2017\/01\/Check-In-Lady-stehend-1-400x400.jpg 400w\" sizes=\"(max-width: 682px) 100vw, 682px\" \/>\t\t\t\t\t\t\t\t<\/a>\n\t\t\t\t\t\t\t\t\t\t\t\t\t\t\t<\/div>\n\t\t\t\t<\/div>\n\t\t\t\t<div class=\"elementor-element elementor-element-a3e05e7 elementor-align-justify elementor-widget elementor-widget-button\" data-id=\"a3e05e7\" data-element_type=\"widget\" data-widget_type=\"button.default\">\n\t\t\t\t<div class=\"elementor-widget-container\">\n\t\t\t\t\t\t\t\t\t<div class=\"elementor-button-wrapper\">\n\t\t\t\t\t<a class=\"elementor-button elementor-button-link elementor-size-xs\" href=\"https:\/\/goodrooms.at\/en\/guntramsdorf-booking\/\">\n\t\t\t\t\t\t<span class=\"elementor-button-content-wrapper\">\n\t\t\t\t\t\t\t\t\t<span class=\"elementor-button-text\">BOOKING GUNTRAMSDORF<\/span>\n\t\t\t\t\t<\/span>\n\t\t\t\t\t<\/a>\n\t\t\t\t<\/div>\n\t\t\t\t\t\t\t\t<\/div>\n\t\t\t\t<\/div>\n\t\t\t\t<div class=\"elementor-element elementor-element-57ffafa elementor-align-justify elementor-widget elementor-widget-button\" data-id=\"57ffafa\" data-element_type=\"widget\" data-widget_type=\"button.default\">\n\t\t\t\t<div class=\"elementor-widget-container\">\n\t\t\t\t\t\t\t\t\t<div class=\"elementor-button-wrapper\">\n\t\t\t\t\t<a class=\"elementor-button elementor-button-link elementor-size-xs\" href=\"https:\/\/goodrooms.at\/en\/picture-gallery-guntramsdorf\/\">\n\t\t\t\t\t\t<span class=\"elementor-button-content-wrapper\">\n\t\t\t\t\t\t\t\t\t<span class=\"elementor-button-text\">PICTURES GUNTRAMSDORF<\/span>\n\t\t\t\t\t<\/span>\n\t\t\t\t\t<\/a>\n\t\t\t\t<\/div>\n\t\t\t\t\t\t\t\t<\/div>\n\t\t\t\t<\/div>\n\t\t\t\t<div class=\"elementor-element elementor-element-740705a elementor-widget elementor-widget-image\" data-id=\"740705a\" data-element_type=\"widget\" data-widget_type=\"image.default\">\n\t\t\t\t<div class=\"elementor-widget-container\">\n\t\t\t\t\t\t\t\t\t\t\t\t\t\t\t\t<a href=\"https:\/\/goodrooms.at\/wp-content\/uploads\/2017\/01\/Room-004.jpg\" data-elementor-open-lightbox=\"yes\" data-elementor-lightbox-title=\"GOOD ROOMS GUNTRAMSDORF\" data-e-action-hash=\"#elementor-action%3Aaction%3Dlightbox%26settings%3DeyJpZCI6MzQyLCJ1cmwiOiJodHRwczpcL1wvZ29vZHJvb21zLmF0XC93cC1jb250ZW50XC91cGxvYWRzXC8yMDE3XC8wMVwvUm9vbS0wMDQuanBnIn0%3D\">\n\t\t\t\t\t\t\t<img decoding=\"async\" width=\"683\" height=\"683\" src=\"https:\/\/goodrooms.at\/wp-content\/uploads\/2017\/01\/Room-004.jpg\" class=\"attachment-large size-large wp-image-342\" alt=\"GOOD ROOMS GUNTRAMSDORF\" srcset=\"https:\/\/goodrooms.at\/wp-content\/uploads\/2017\/01\/Room-004.jpg 683w, https:\/\/goodrooms.at\/wp-content\/uploads\/2017\/01\/Room-004-150x150.jpg 150w, https:\/\/goodrooms.at\/wp-content\/uploads\/2017\/01\/Room-004-300x300.jpg 300w, https:\/\/goodrooms.at\/wp-content\/uploads\/2017\/01\/Room-004-600x600.jpg 600w, https:\/\/goodrooms.at\/wp-content\/uploads\/2017\/01\/Room-004-66x66.jpg 66w, https:\/\/goodrooms.at\/wp-content\/uploads\/2017\/01\/Room-004-200x200.jpg 200w, https:\/\/goodrooms.at\/wp-content\/uploads\/2017\/01\/Room-004-400x400.jpg 400w\" sizes=\"(max-width: 683px) 100vw, 683px\" \/>\t\t\t\t\t\t\t\t<\/a>\n\t\t\t\t\t\t\t\t\t\t\t\t\t\t\t<\/div>\n\t\t\t\t<\/div>\n\t\t\t\t<\/div>\n\t\t<div class=\"elementor-element elementor-element-e1d80dc e-con-full e-flex e-con e-child\" data-id=\"e1d80dc\" data-element_type=\"container\">\n\t\t\t\t<div class=\"elementor-element elementor-element-599df51 elementor-widget elementor-widget-text-editor\" data-id=\"599df51\" data-element_type=\"widget\" data-widget_type=\"text-editor.default\">\n\t\t\t\t<div class=\"elementor-widget-container\">\n\t\t\t\t\t\t\t\t\t<h1>Hotel Good Rooms Guntramsdorf<\/h1><h2>DIRECTIONS<\/h2><p><strong>Address<\/strong><\/p><p>Good Rooms GmbH<br \/><em>Headquarter: 2353 Guntramsdorf, Kammeringstra\u00dfe 10<\/em><br \/>Hotel Guntramsdorf: 2353 Guntramsdorf, Guttmannstra\u00dfe 1<br \/>(GPS: Kammeringstra\u00dfe 10)<br \/>Hotel Bad Ischl: 4820 Bad Ischl, Lindaustra\u00dfe 12<\/p><p><strong>Email<\/strong>: <a href=\"mailto:office@goodrooms.at\">office@goodrooms.at<\/a><br \/><strong>Tel<\/strong>: <a href=\"tel:+43 676 54 47 027\">+43 676 544 702<\/a><br \/><strong>Tel<\/strong>: <a href=\"tel:+43 2236 506755\">+43 2236 506 755<\/a><\/p><h4>DIRECTIONS BY TRAIN<\/h4><p>Vienna \u2013 M\u00f6dling \u2013 Guntramsdorf (timetable information \u00d6BB)<br \/>Wr. Neustadt \u2013 Baden \u2013 Guntramsdorf (timetable information \u00d6BB)<\/p><h4>DIRECTIONS BY CAR<\/h4><p><strong>Motorway A2 from Wien<\/strong><\/p><p>Motorway exit Wr.Neudorf. After the motorway exit you turn right into the federal highway B11. Drive straight ahead till you reach the junction B17 Triesterstra\u00dfe. Turn left and follow the B17 ca. 3km to Guntramsdorf. At the first traffic light in Guntramsdorf (at the stores \u201cPENNY\u201d und BIPA) turn right and then left in the Kammeringstra\u00dfe. After 50 meters you will be on your destination!<\/p><p><strong>Motorway A2 from Graz<\/strong><\/p><p>Take the motorway exit Traiskirchen. After the exit you turn left and follow the federal highway in the direction of Vienna. Drive through Traiskirchen to Guntramsdorf (ca. 4km). In Guntramsdorf you pass \u201eINTERSPAR\u201c and petrol station \u201eJET\u201c. After another petrol station turn left at the traffic light (junction with the stores \u201cPENNY\u201d und BIPA) and then left in the Kammeringstra\u00dfe. After 50 meters you will be on your destination!<\/p><p><strong>Motorway A2 from the airport Schwechat<\/strong><\/p><p>Drive A4 direction Vienna. After 3 km you take the motorway exit in the direction of A2 motorway (Graz, Linz) keep right. Follow the highway S1 till the motorway A2 direction Graz (about 15 km) to the motorway exit A2 Wr.Neudorf. After the motorway exit turn right into the federal highway B11. Drive straight ahead until you reach the junction B17 Triesterstra\u00dfe. Turn left and follow the B17 ca. 3km to Guntramsdorf. At the first traffic light in Guntramsdorf (at the stores \u201cPENNY\u201d und BIPA) turn right and then left in the Kammeringstra\u00dfe. After 50 meters you will be on your destination!<\/p>\t\t\t\t\t\t\t\t<\/div>\n\t\t\t\t<\/div>\n\t\t\t\t<\/div>\n\t\t\t\t\t<\/div>\n\t\t\t\t<\/div>\n\t\t<div class=\"elementor-element elementor-element-b6ddee9 e-con-full e-flex elementor-invisible e-con e-parent\" data-id=\"b6ddee9\" data-element_type=\"container\" data-settings=\"{&quot;animation&quot;:&quot;fadeIn&quot;}\">\n\t\t\t\t<div class=\"elementor-element elementor-element-208f7f3 elementor-widget elementor-widget-google_maps\" data-id=\"208f7f3\" data-element_type=\"widget\" data-widget_type=\"google_maps.default\">\n\t\t\t\t<div class=\"elementor-widget-container\">\n\t\t\t\t\t\t\t<div class=\"elementor-custom-embed\">\n\t\t\t<iframe loading=\"lazy\"\n\t\t\t\t\tsrc=\"https:\/\/maps.google.com\/maps?q=Good%20Rooms%20Guntramsdorf&#038;t=m&#038;z=17&#038;output=embed&#038;iwloc=near\"\n\t\t\t\t\ttitle=\"Good Rooms Guntramsdorf\"\n\t\t\t\t\taria-label=\"Good Rooms Guntramsdorf\"\n\t\t\t><\/iframe>\n\t\t<\/div>\n\t\t\t\t\t\t<\/div>\n\t\t\t\t<\/div>\n\t\t\t\t<\/div>\n\t\t\t\t<\/div>\n\t\t","protected":false},"excerpt":{"rendered":"<p>BOOKING GUNTRAMSDORF PICTURES GUNTRAMSDORF Hotel Good Rooms Guntramsdorf DIRECTIONS Address Good Rooms GmbHHeadquarter: 2353 Guntramsdorf, Kammeringstra\u00dfe 10Hotel Guntramsdorf: 2353 Guntramsdorf, Guttmannstra\u00dfe 1(GPS: Kammeringstra\u00dfe 10)Hotel Bad Ischl: 4820 Bad Ischl, Lindaustra\u00dfe 12 Email: office@goodrooms.atTel: +43 676 544 702Tel: +43 2236 506 755 DIRECTIONS BY TRAIN Vienna \u2013 M\u00f6dling \u2013 Guntramsdorf (timetable information \u00d6BB)Wr. Neustadt \u2013 Baden [&hellip;]<\/p>\n","protected":false},"author":1,"featured_media":0,"parent":0,"menu_order":21,"comment_status":"closed","ping_status":"closed","template":"","meta":{"footnotes":""},"class_list":["post-716","page","type-page","status-publish","hentry"],"yoast_head":"<!-- This site is optimized with the Yoast SEO plugin v27.6 - https:\/\/yoast.com\/product\/yoast-seo-wordpress\/ -->\n<title>GUNTRAMSDORF DIRECTIONS - GOOD ROOMS HOTELS<\/title>\n<meta name=\"robots\" content=\"index, follow, max-snippet:-1, max-image-preview:large, max-video-preview:-1\" \/>\n<link rel=\"canonical\" href=\"https:\/\/goodrooms.at\/guntramsdorf-anreise\/\" \/>\n<meta property=\"og:locale\" content=\"en_US\" \/>\n<meta property=\"og:type\" content=\"article\" \/>\n<meta property=\"og:title\" content=\"GUNTRAMSDORF DIRECTIONS - GOOD ROOMS HOTELS\" \/>\n<meta property=\"og:description\" content=\"BOOKING GUNTRAMSDORF PICTURES GUNTRAMSDORF Hotel Good Rooms Guntramsdorf DIRECTIONS Address Good Rooms GmbHHeadquarter: 2353 Guntramsdorf, Kammeringstra\u00dfe 10Hotel Guntramsdorf: 2353 Guntramsdorf, Guttmannstra\u00dfe 1(GPS: Kammeringstra\u00dfe 10)Hotel Bad Ischl: 4820 Bad Ischl, Lindaustra\u00dfe 12 Email: office@goodrooms.atTel: +43 676 544 702Tel: +43 2236 506 755 DIRECTIONS BY TRAIN Vienna \u2013 M\u00f6dling \u2013 Guntramsdorf (timetable information \u00d6BB)Wr. Neustadt \u2013 Baden [&hellip;]\" \/>\n<meta property=\"og:url\" content=\"https:\/\/goodrooms.at\/guntramsdorf-anreise\/\" \/>\n<meta property=\"og:site_name\" content=\"GOOD ROOMS HOTELS\" \/>\n<meta property=\"article:modified_time\" content=\"2024-07-08T11:29:50+00:00\" \/>\n<meta property=\"og:image\" content=\"https:\/\/goodrooms.at\/wp-content\/uploads\/2017\/01\/Check-In-Lady-stehend-1.jpg\" \/>\n<meta name=\"twitter:card\" content=\"summary_large_image\" \/>\n<meta name=\"twitter:label1\" content=\"Est. reading time\" \/>\n\t<meta name=\"twitter:data1\" content=\"3 minutes\" \/>\n<script type=\"application\/ld+json\" class=\"yoast-schema-graph\">{\"@context\":\"https:\\\/\\\/schema.org\",\"@graph\":[{\"@type\":\"WebPage\",\"@id\":\"https:\\\/\\\/goodrooms.at\\\/guntramsdorf-anreise\\\/\",\"url\":\"https:\\\/\\\/goodrooms.at\\\/guntramsdorf-anreise\\\/\",\"name\":\"GUNTRAMSDORF DIRECTIONS - GOOD ROOMS HOTELS\",\"isPartOf\":{\"@id\":\"https:\\\/\\\/goodrooms.at\\\/#website\"},\"primaryImageOfPage\":{\"@id\":\"https:\\\/\\\/goodrooms.at\\\/guntramsdorf-anreise\\\/#primaryimage\"},\"image\":{\"@id\":\"https:\\\/\\\/goodrooms.at\\\/guntramsdorf-anreise\\\/#primaryimage\"},\"thumbnailUrl\":\"https:\\\/\\\/goodrooms.at\\\/wp-content\\\/uploads\\\/2017\\\/01\\\/Check-In-Lady-stehend-1.jpg\",\"datePublished\":\"2017-05-10T21:00:16+00:00\",\"dateModified\":\"2024-07-08T11:29:50+00:00\",\"breadcrumb\":{\"@id\":\"https:\\\/\\\/goodrooms.at\\\/guntramsdorf-anreise\\\/#breadcrumb\"},\"inLanguage\":\"en-US\",\"potentialAction\":[{\"@type\":\"ReadAction\",\"target\":[\"https:\\\/\\\/goodrooms.at\\\/guntramsdorf-anreise\\\/\"]}]},{\"@type\":\"ImageObject\",\"inLanguage\":\"en-US\",\"@id\":\"https:\\\/\\\/goodrooms.at\\\/guntramsdorf-anreise\\\/#primaryimage\",\"url\":\"https:\\\/\\\/goodrooms.at\\\/wp-content\\\/uploads\\\/2017\\\/01\\\/Check-In-Lady-stehend-1.jpg\",\"contentUrl\":\"https:\\\/\\\/goodrooms.at\\\/wp-content\\\/uploads\\\/2017\\\/01\\\/Check-In-Lady-stehend-1.jpg\"},{\"@type\":\"BreadcrumbList\",\"@id\":\"https:\\\/\\\/goodrooms.at\\\/guntramsdorf-anreise\\\/#breadcrumb\",\"itemListElement\":[{\"@type\":\"ListItem\",\"position\":1,\"name\":\"Startseite\",\"item\":\"https:\\\/\\\/goodrooms.at\\\/en\\\/good-rooms\\\/\"},{\"@type\":\"ListItem\",\"position\":2,\"name\":\"GUNTRAMSDORF DIRECTIONS\"}]},{\"@type\":\"WebSite\",\"@id\":\"https:\\\/\\\/goodrooms.at\\\/#website\",\"url\":\"https:\\\/\\\/goodrooms.at\\\/\",\"name\":\"GOOD ROOMS HOTELS\",\"description\":\"Hotel Guntramsdorf &amp; Hotel Bad Ischl\",\"publisher\":{\"@id\":\"https:\\\/\\\/goodrooms.at\\\/#organization\"},\"potentialAction\":[{\"@type\":\"SearchAction\",\"target\":{\"@type\":\"EntryPoint\",\"urlTemplate\":\"https:\\\/\\\/goodrooms.at\\\/?s={search_term_string}\"},\"query-input\":{\"@type\":\"PropertyValueSpecification\",\"valueRequired\":true,\"valueName\":\"search_term_string\"}}],\"inLanguage\":\"en-US\"},{\"@type\":\"Organization\",\"@id\":\"https:\\\/\\\/goodrooms.at\\\/#organization\",\"name\":\"GOOD ROOMS HOTELS\",\"url\":\"https:\\\/\\\/goodrooms.at\\\/\",\"logo\":{\"@type\":\"ImageObject\",\"inLanguage\":\"en-US\",\"@id\":\"https:\\\/\\\/goodrooms.at\\\/#\\\/schema\\\/logo\\\/image\\\/\",\"url\":\"https:\\\/\\\/goodrooms.at\\\/wp-content\\\/uploads\\\/2017\\\/03\\\/logo-big.png\",\"contentUrl\":\"https:\\\/\\\/goodrooms.at\\\/wp-content\\\/uploads\\\/2017\\\/03\\\/logo-big.png\",\"width\":481,\"height\":211,\"caption\":\"GOOD ROOMS HOTELS\"},\"image\":{\"@id\":\"https:\\\/\\\/goodrooms.at\\\/#\\\/schema\\\/logo\\\/image\\\/\"}}]}<\/script>\n<!-- \/ Yoast SEO plugin. -->","yoast_head_json":{"title":"GUNTRAMSDORF DIRECTIONS - GOOD ROOMS HOTELS","robots":{"index":"index","follow":"follow","max-snippet":"max-snippet:-1","max-image-preview":"max-image-preview:large","max-video-preview":"max-video-preview:-1"},"canonical":"https:\/\/goodrooms.at\/guntramsdorf-anreise\/","og_locale":"en_US","og_type":"article","og_title":"GUNTRAMSDORF DIRECTIONS - GOOD ROOMS HOTELS","og_description":"BOOKING GUNTRAMSDORF PICTURES GUNTRAMSDORF Hotel Good Rooms Guntramsdorf DIRECTIONS Address Good Rooms GmbHHeadquarter: 2353 Guntramsdorf, Kammeringstra\u00dfe 10Hotel Guntramsdorf: 2353 Guntramsdorf, Guttmannstra\u00dfe 1(GPS: Kammeringstra\u00dfe 10)Hotel Bad Ischl: 4820 Bad Ischl, Lindaustra\u00dfe 12 Email: office@goodrooms.atTel: +43 676 544 702Tel: +43 2236 506 755 DIRECTIONS BY TRAIN Vienna \u2013 M\u00f6dling \u2013 Guntramsdorf (timetable information \u00d6BB)Wr. Neustadt \u2013 Baden [&hellip;]","og_url":"https:\/\/goodrooms.at\/guntramsdorf-anreise\/","og_site_name":"GOOD ROOMS HOTELS","article_modified_time":"2024-07-08T11:29:50+00:00","og_image":[{"url":"https:\/\/goodrooms.at\/wp-content\/uploads\/2017\/01\/Check-In-Lady-stehend-1.jpg","type":"","width":"","height":""}],"twitter_card":"summary_large_image","twitter_misc":{"Est. reading time":"3 minutes"},"schema":{"@context":"https:\/\/schema.org","@graph":[{"@type":"WebPage","@id":"https:\/\/goodrooms.at\/guntramsdorf-anreise\/","url":"https:\/\/goodrooms.at\/guntramsdorf-anreise\/","name":"GUNTRAMSDORF DIRECTIONS - GOOD ROOMS HOTELS","isPartOf":{"@id":"https:\/\/goodrooms.at\/#website"},"primaryImageOfPage":{"@id":"https:\/\/goodrooms.at\/guntramsdorf-anreise\/#primaryimage"},"image":{"@id":"https:\/\/goodrooms.at\/guntramsdorf-anreise\/#primaryimage"},"thumbnailUrl":"https:\/\/goodrooms.at\/wp-content\/uploads\/2017\/01\/Check-In-Lady-stehend-1.jpg","datePublished":"2017-05-10T21:00:16+00:00","dateModified":"2024-07-08T11:29:50+00:00","breadcrumb":{"@id":"https:\/\/goodrooms.at\/guntramsdorf-anreise\/#breadcrumb"},"inLanguage":"en-US","potentialAction":[{"@type":"ReadAction","target":["https:\/\/goodrooms.at\/guntramsdorf-anreise\/"]}]},{"@type":"ImageObject","inLanguage":"en-US","@id":"https:\/\/goodrooms.at\/guntramsdorf-anreise\/#primaryimage","url":"https:\/\/goodrooms.at\/wp-content\/uploads\/2017\/01\/Check-In-Lady-stehend-1.jpg","contentUrl":"https:\/\/goodrooms.at\/wp-content\/uploads\/2017\/01\/Check-In-Lady-stehend-1.jpg"},{"@type":"BreadcrumbList","@id":"https:\/\/goodrooms.at\/guntramsdorf-anreise\/#breadcrumb","itemListElement":[{"@type":"ListItem","position":1,"name":"Startseite","item":"https:\/\/goodrooms.at\/en\/good-rooms\/"},{"@type":"ListItem","position":2,"name":"GUNTRAMSDORF DIRECTIONS"}]},{"@type":"WebSite","@id":"https:\/\/goodrooms.at\/#website","url":"https:\/\/goodrooms.at\/","name":"GOOD ROOMS HOTELS","description":"Hotel Guntramsdorf &amp; Hotel Bad Ischl","publisher":{"@id":"https:\/\/goodrooms.at\/#organization"},"potentialAction":[{"@type":"SearchAction","target":{"@type":"EntryPoint","urlTemplate":"https:\/\/goodrooms.at\/?s={search_term_string}"},"query-input":{"@type":"PropertyValueSpecification","valueRequired":true,"valueName":"search_term_string"}}],"inLanguage":"en-US"},{"@type":"Organization","@id":"https:\/\/goodrooms.at\/#organization","name":"GOOD ROOMS HOTELS","url":"https:\/\/goodrooms.at\/","logo":{"@type":"ImageObject","inLanguage":"en-US","@id":"https:\/\/goodrooms.at\/#\/schema\/logo\/image\/","url":"https:\/\/goodrooms.at\/wp-content\/uploads\/2017\/03\/logo-big.png","contentUrl":"https:\/\/goodrooms.at\/wp-content\/uploads\/2017\/03\/logo-big.png","width":481,"height":211,"caption":"GOOD ROOMS HOTELS"},"image":{"@id":"https:\/\/goodrooms.at\/#\/schema\/logo\/image\/"}}]}},"_links":{"self":[{"href":"https:\/\/goodrooms.at\/en\/wp-json\/wp\/v2\/pages\/716","targetHints":{"allow":["GET"]}}],"collection":[{"href":"https:\/\/goodrooms.at\/en\/wp-json\/wp\/v2\/pages"}],"about":[{"href":"https:\/\/goodrooms.at\/en\/wp-json\/wp\/v2\/types\/page"}],"author":[{"embeddable":true,"href":"https:\/\/goodrooms.at\/en\/wp-json\/wp\/v2\/users\/1"}],"replies":[{"embeddable":true,"href":"https:\/\/goodrooms.at\/en\/wp-json\/wp\/v2\/comments?post=716"}],"version-history":[{"count":0,"href":"https:\/\/goodrooms.at\/en\/wp-json\/wp\/v2\/pages\/716\/revisions"}],"wp:attachment":[{"href":"https:\/\/goodrooms.at\/en\/wp-json\/wp\/v2\/media?parent=716"}],"curies":[{"name":"wp","href":"https:\/\/api.w.org\/{rel}","templated":true}]}}