{"id":734,"date":"2017-05-10T23:19:41","date_gmt":"2017-05-10T21:19:41","guid":{"rendered":"http:\/\/www.goodrooms.at\/?page_id=734\/"},"modified":"2024-07-08T13:36:38","modified_gmt":"2024-07-08T11:36:38","slug":"bad-ischl-directions","status":"publish","type":"page","link":"https:\/\/goodrooms.at\/en\/bad-ischl-directions\/","title":{"rendered":"BAD ISCHL DIRECTIONS"},"content":{"rendered":"\t\t<div data-elementor-type=\"wp-page\" data-elementor-id=\"734\" class=\"elementor elementor-734\" data-elementor-post-type=\"page\">\n\t\t\t\t<div class=\"elementor-element elementor-element-172fe42 e-flex e-con-boxed e-con e-parent\" data-id=\"172fe42\" data-element_type=\"container\" data-settings=\"{&quot;background_background&quot;:&quot;classic&quot;}\">\n\t\t\t\t\t<div class=\"e-con-inner\">\n\t\t<div class=\"elementor-element elementor-element-2764fbd e-con-full e-flex e-con e-child\" data-id=\"2764fbd\" data-element_type=\"container\">\n\t\t\t\t<div class=\"elementor-element elementor-element-be3e7b4 elementor-widget elementor-widget-image\" data-id=\"be3e7b4\" data-element_type=\"widget\" data-widget_type=\"image.default\">\n\t\t\t\t<div class=\"elementor-widget-container\">\n\t\t\t\t\t\t\t\t\t\t\t\t\t\t\t\t<a href=\"https:\/\/goodrooms.at\/wp-content\/uploads\/2017\/08\/bad-ischl-front-neu.jpg\" data-elementor-open-lightbox=\"yes\" data-elementor-lightbox-title=\"GOOD ROOMS BAD ISCHL\" data-e-action-hash=\"#elementor-action%3Aaction%3Dlightbox%26settings%3DeyJpZCI6OTgxLCJ1cmwiOiJodHRwczpcL1wvZ29vZHJvb21zLmF0XC93cC1jb250ZW50XC91cGxvYWRzXC8yMDE3XC8wOFwvYmFkLWlzY2hsLWZyb250LW5ldS5qcGcifQ%3D%3D\">\n\t\t\t\t\t\t\t<img fetchpriority=\"high\" decoding=\"async\" width=\"800\" height=\"800\" src=\"https:\/\/goodrooms.at\/wp-content\/uploads\/2017\/08\/bad-ischl-front-neu-1024x1024.jpg\" class=\"attachment-large size-large wp-image-981\" alt=\"GOOD ROOMS BAD ISCHL\" srcset=\"https:\/\/goodrooms.at\/wp-content\/uploads\/2017\/08\/bad-ischl-front-neu-1024x1024.jpg 1024w, https:\/\/goodrooms.at\/wp-content\/uploads\/2017\/08\/bad-ischl-front-neu-150x150.jpg 150w, https:\/\/goodrooms.at\/wp-content\/uploads\/2017\/08\/bad-ischl-front-neu-300x300.jpg 300w, https:\/\/goodrooms.at\/wp-content\/uploads\/2017\/08\/bad-ischl-front-neu-768x768.jpg 768w, https:\/\/goodrooms.at\/wp-content\/uploads\/2017\/08\/bad-ischl-front-neu-600x600.jpg 600w, https:\/\/goodrooms.at\/wp-content\/uploads\/2017\/08\/bad-ischl-front-neu-66x66.jpg 66w, https:\/\/goodrooms.at\/wp-content\/uploads\/2017\/08\/bad-ischl-front-neu-200x200.jpg 200w, https:\/\/goodrooms.at\/wp-content\/uploads\/2017\/08\/bad-ischl-front-neu-400x400.jpg 400w, https:\/\/goodrooms.at\/wp-content\/uploads\/2017\/08\/bad-ischl-front-neu-800x800.jpg 800w, https:\/\/goodrooms.at\/wp-content\/uploads\/2017\/08\/bad-ischl-front-neu-1200x1200.jpg 1200w, https:\/\/goodrooms.at\/wp-content\/uploads\/2017\/08\/bad-ischl-front-neu.jpg 1500w\" sizes=\"(max-width: 800px) 100vw, 800px\" \/>\t\t\t\t\t\t\t\t<\/a>\n\t\t\t\t\t\t\t\t\t\t\t\t\t\t\t<\/div>\n\t\t\t\t<\/div>\n\t\t\t\t<div class=\"elementor-element elementor-element-df32ff8 elementor-align-justify elementor-widget elementor-widget-button\" data-id=\"df32ff8\" data-element_type=\"widget\" data-widget_type=\"button.default\">\n\t\t\t\t<div class=\"elementor-widget-container\">\n\t\t\t\t\t\t\t\t\t<div class=\"elementor-button-wrapper\">\n\t\t\t\t\t<a class=\"elementor-button elementor-button-link elementor-size-xs\" href=\"https:\/\/goodrooms.at\/en\/bad-ischl-booking\/\">\n\t\t\t\t\t\t<span class=\"elementor-button-content-wrapper\">\n\t\t\t\t\t\t\t\t\t<span class=\"elementor-button-text\">BOOKING BAD ISCHL<\/span>\n\t\t\t\t\t<\/span>\n\t\t\t\t\t<\/a>\n\t\t\t\t<\/div>\n\t\t\t\t\t\t\t\t<\/div>\n\t\t\t\t<\/div>\n\t\t\t\t<div class=\"elementor-element elementor-element-ef0a869 elementor-align-justify elementor-widget elementor-widget-button\" data-id=\"ef0a869\" data-element_type=\"widget\" data-widget_type=\"button.default\">\n\t\t\t\t<div class=\"elementor-widget-container\">\n\t\t\t\t\t\t\t\t\t<div class=\"elementor-button-wrapper\">\n\t\t\t\t\t<a class=\"elementor-button elementor-button-link elementor-size-xs\" href=\"https:\/\/goodrooms.at\/en\/picture-gallery-bad-ischl\/\">\n\t\t\t\t\t\t<span class=\"elementor-button-content-wrapper\">\n\t\t\t\t\t\t\t\t\t<span class=\"elementor-button-text\">PICTURES BAD ISCHL<\/span>\n\t\t\t\t\t<\/span>\n\t\t\t\t\t<\/a>\n\t\t\t\t<\/div>\n\t\t\t\t\t\t\t\t<\/div>\n\t\t\t\t<\/div>\n\t\t\t\t<div class=\"elementor-element elementor-element-a2b73c4 elementor-widget elementor-widget-image\" data-id=\"a2b73c4\" data-element_type=\"widget\" data-widget_type=\"image.default\">\n\t\t\t\t<div class=\"elementor-widget-container\">\n\t\t\t\t\t\t\t\t\t\t\t\t\t\t\t\t<a href=\"https:\/\/goodrooms.at\/wp-content\/uploads\/2017\/01\/bad-ischl-back-nacht.jpg\" data-elementor-open-lightbox=\"yes\" data-elementor-lightbox-title=\"GOOD ROOMS BAD ISCHL\" data-e-action-hash=\"#elementor-action%3Aaction%3Dlightbox%26settings%3DeyJpZCI6MTA2MiwidXJsIjoiaHR0cHM6XC9cL2dvb2Ryb29tcy5hdFwvd3AtY29udGVudFwvdXBsb2Fkc1wvMjAxN1wvMDFcL2JhZC1pc2NobC1iYWNrLW5hY2h0LmpwZyJ9\">\n\t\t\t\t\t\t\t<img decoding=\"async\" width=\"800\" height=\"800\" src=\"https:\/\/goodrooms.at\/wp-content\/uploads\/2017\/01\/bad-ischl-back-nacht-1024x1024.jpg\" class=\"attachment-large size-large wp-image-1062\" alt=\"GOOD ROOMS BAD ISCHL\" srcset=\"https:\/\/goodrooms.at\/wp-content\/uploads\/2017\/01\/bad-ischl-back-nacht-1024x1024.jpg 1024w, https:\/\/goodrooms.at\/wp-content\/uploads\/2017\/01\/bad-ischl-back-nacht-150x150.jpg 150w, https:\/\/goodrooms.at\/wp-content\/uploads\/2017\/01\/bad-ischl-back-nacht-300x300.jpg 300w, https:\/\/goodrooms.at\/wp-content\/uploads\/2017\/01\/bad-ischl-back-nacht-768x768.jpg 768w, https:\/\/goodrooms.at\/wp-content\/uploads\/2017\/01\/bad-ischl-back-nacht-600x600.jpg 600w, https:\/\/goodrooms.at\/wp-content\/uploads\/2017\/01\/bad-ischl-back-nacht-66x66.jpg 66w, https:\/\/goodrooms.at\/wp-content\/uploads\/2017\/01\/bad-ischl-back-nacht-200x200.jpg 200w, https:\/\/goodrooms.at\/wp-content\/uploads\/2017\/01\/bad-ischl-back-nacht-400x400.jpg 400w, https:\/\/goodrooms.at\/wp-content\/uploads\/2017\/01\/bad-ischl-back-nacht-800x800.jpg 800w, https:\/\/goodrooms.at\/wp-content\/uploads\/2017\/01\/bad-ischl-back-nacht-1200x1200.jpg 1200w, https:\/\/goodrooms.at\/wp-content\/uploads\/2017\/01\/bad-ischl-back-nacht.jpg 1500w\" sizes=\"(max-width: 800px) 100vw, 800px\" \/>\t\t\t\t\t\t\t\t<\/a>\n\t\t\t\t\t\t\t\t\t\t\t\t\t\t\t<\/div>\n\t\t\t\t<\/div>\n\t\t\t\t<\/div>\n\t\t<div class=\"elementor-element elementor-element-fdd5fca e-con-full e-flex e-con e-child\" data-id=\"fdd5fca\" data-element_type=\"container\">\n\t\t\t\t<div class=\"elementor-element elementor-element-38a5992 elementor-widget elementor-widget-text-editor\" data-id=\"38a5992\" data-element_type=\"widget\" data-widget_type=\"text-editor.default\">\n\t\t\t\t<div class=\"elementor-widget-container\">\n\t\t\t\t\t\t\t\t\t<h1>Aparthotel Good Rooms Bad Ischl<\/h1><h2>DIRECTIONS<\/h2><h4>Address<\/h4><p><strong>Good Rooms GmbH<\/strong><br \/>Headquarter: 2353 Guntramsdorf, Kammeringstra\u00dfe 10<br \/>Hotel Guntramsdorf: 2353 Guntramsdorf, Guttmannstra\u00dfe 1<br \/>(GPS : Kammeringstra\u00dfe 10)<br \/>Hotel Bad Ischl: 4820 Bad Ischl, Lindaustra\u00dfe 12<\/p><p><strong>email<\/strong>: <a href=\"mailto:office@goodrooms.at\">office@goodrooms.at<\/a><br \/><strong>tel:<\/strong> <a href=\"tel:+43 676 54 47 027\">+43 676 54 47 027<\/a><br \/><strong>tel:<\/strong> <a href=\"tel:+43 676 36 04 909\">+43 676 36 04 909<\/a><\/p><h4>Directions by train and bus<\/h4><p>Bad Ischl station \u2013 bus stop Kaltenbach b.Bad Ischl Sozialfachschule (Fahrplanauskunft \u00d6BB)<\/p><h4>Directions by car<\/h4><h4>Motorway A1 from Vienna<\/h4><p>Drive at the A1 motorway and take the exit 224-Regau. Then follow the B145 to Wirerstra\u00dfe in Bad Ischl, continue to Kaltenbachstra\u00dfe and turn into the Lindaustra\u00dfe at the corner. Convenient and cost-free parking right in front of the hotel.<\/p><h4>Motorway A1 from Salzburg<\/h4><p>Drive at the A1 motorway and take the exit 224-Regau. Then follow the B145 to Wirerstra\u00dfe in Bad Ischl, continue to Kaltenbachstra\u00dfe and turn into the Lindaustra\u00dfe at the corner. Convenient and cost-free parking right in front of the hotel.<\/p><h4>Autobahn A1 from Airport Salzburg<\/h4><p>You start at the airport and drive at the A1 motorway and take the exit 224-Regau. Then follow the B145 to Wirerstra\u00dfe in Bad Ischl, continue to Kaltenbachstra\u00dfe and turn into the Lindaustra\u00dfe at the corner. Convenient and cost-free parking right in front of the hotel.<\/p>\t\t\t\t\t\t\t\t<\/div>\n\t\t\t\t<\/div>\n\t\t\t\t<\/div>\n\t\t\t\t\t<\/div>\n\t\t\t\t<\/div>\n\t\t<div class=\"elementor-element elementor-element-2a8debe e-con-full e-flex e-con e-parent\" data-id=\"2a8debe\" data-element_type=\"container\">\n\t\t\t\t<div class=\"elementor-element elementor-element-2aacbb0 elementor-widget elementor-widget-google_maps\" data-id=\"2aacbb0\" data-element_type=\"widget\" data-widget_type=\"google_maps.default\">\n\t\t\t\t<div class=\"elementor-widget-container\">\n\t\t\t\t\t\t\t<div class=\"elementor-custom-embed\">\n\t\t\t<iframe loading=\"lazy\"\n\t\t\t\t\tsrc=\"https:\/\/maps.google.com\/maps?q=Good%20Rooms%20Bad%20Ischl&#038;t=m&#038;z=17&#038;output=embed&#038;iwloc=near\"\n\t\t\t\t\ttitle=\"Good Rooms Bad Ischl\"\n\t\t\t\t\taria-label=\"Good Rooms Bad Ischl\"\n\t\t\t><\/iframe>\n\t\t<\/div>\n\t\t\t\t\t\t<\/div>\n\t\t\t\t<\/div>\n\t\t\t\t<\/div>\n\t\t\t\t<\/div>\n\t\t","protected":false},"excerpt":{"rendered":"<p>BOOKING BAD ISCHL PICTURES BAD ISCHL Aparthotel Good Rooms Bad Ischl DIRECTIONS Address Good Rooms GmbHHeadquarter: 2353 Guntramsdorf, Kammeringstra\u00dfe 10Hotel Guntramsdorf: 2353 Guntramsdorf, Guttmannstra\u00dfe 1(GPS : Kammeringstra\u00dfe 10)Hotel Bad Ischl: 4820 Bad Ischl, Lindaustra\u00dfe 12 email: office@goodrooms.attel: +43 676 54 47 027tel: +43 676 36 04 909 Directions by train and bus Bad Ischl station [&hellip;]<\/p>\n","protected":false},"author":1,"featured_media":0,"parent":0,"menu_order":23,"comment_status":"closed","ping_status":"closed","template":"","meta":{"footnotes":""},"class_list":["post-734","page","type-page","status-publish","hentry"],"yoast_head":"<!-- This site is optimized with the Yoast SEO plugin v27.5 - https:\/\/yoast.com\/product\/yoast-seo-wordpress\/ -->\n<title>BAD ISCHL DIRECTIONS - GOOD ROOMS HOTELS<\/title>\n<meta name=\"robots\" content=\"index, follow, max-snippet:-1, max-image-preview:large, max-video-preview:-1\" \/>\n<link rel=\"canonical\" href=\"https:\/\/goodrooms.at\/bad-ischl-anreise\/\" \/>\n<meta property=\"og:locale\" content=\"en_US\" \/>\n<meta property=\"og:type\" content=\"article\" \/>\n<meta property=\"og:title\" content=\"BAD ISCHL DIRECTIONS - GOOD ROOMS HOTELS\" \/>\n<meta property=\"og:description\" content=\"BOOKING BAD ISCHL PICTURES BAD ISCHL Aparthotel Good Rooms Bad Ischl DIRECTIONS Address Good Rooms GmbHHeadquarter: 2353 Guntramsdorf, Kammeringstra\u00dfe 10Hotel Guntramsdorf: 2353 Guntramsdorf, Guttmannstra\u00dfe 1(GPS : Kammeringstra\u00dfe 10)Hotel Bad Ischl: 4820 Bad Ischl, Lindaustra\u00dfe 12 email: office@goodrooms.attel: +43 676 54 47 027tel: +43 676 36 04 909 Directions by train and bus Bad Ischl station [&hellip;]\" \/>\n<meta property=\"og:url\" content=\"https:\/\/goodrooms.at\/bad-ischl-anreise\/\" \/>\n<meta property=\"og:site_name\" content=\"GOOD ROOMS HOTELS\" \/>\n<meta property=\"article:modified_time\" content=\"2024-07-08T11:36:38+00:00\" \/>\n<meta property=\"og:image\" content=\"https:\/\/goodrooms.at\/wp-content\/uploads\/2017\/08\/bad-ischl-front-neu-1024x1024.jpg\" \/>\n<meta name=\"twitter:card\" content=\"summary_large_image\" \/>\n<meta name=\"twitter:label1\" content=\"Est. reading time\" \/>\n\t<meta name=\"twitter:data1\" content=\"2 minutes\" \/>\n<script type=\"application\/ld+json\" class=\"yoast-schema-graph\">{\"@context\":\"https:\\\/\\\/schema.org\",\"@graph\":[{\"@type\":\"WebPage\",\"@id\":\"https:\\\/\\\/goodrooms.at\\\/bad-ischl-anreise\\\/\",\"url\":\"https:\\\/\\\/goodrooms.at\\\/bad-ischl-anreise\\\/\",\"name\":\"BAD ISCHL DIRECTIONS - GOOD ROOMS HOTELS\",\"isPartOf\":{\"@id\":\"https:\\\/\\\/goodrooms.at\\\/#website\"},\"primaryImageOfPage\":{\"@id\":\"https:\\\/\\\/goodrooms.at\\\/bad-ischl-anreise\\\/#primaryimage\"},\"image\":{\"@id\":\"https:\\\/\\\/goodrooms.at\\\/bad-ischl-anreise\\\/#primaryimage\"},\"thumbnailUrl\":\"https:\\\/\\\/goodrooms.at\\\/wp-content\\\/uploads\\\/2017\\\/08\\\/bad-ischl-front-neu-1024x1024.jpg\",\"datePublished\":\"2017-05-10T21:19:41+00:00\",\"dateModified\":\"2024-07-08T11:36:38+00:00\",\"breadcrumb\":{\"@id\":\"https:\\\/\\\/goodrooms.at\\\/bad-ischl-anreise\\\/#breadcrumb\"},\"inLanguage\":\"en-US\",\"potentialAction\":[{\"@type\":\"ReadAction\",\"target\":[\"https:\\\/\\\/goodrooms.at\\\/bad-ischl-anreise\\\/\"]}]},{\"@type\":\"ImageObject\",\"inLanguage\":\"en-US\",\"@id\":\"https:\\\/\\\/goodrooms.at\\\/bad-ischl-anreise\\\/#primaryimage\",\"url\":\"https:\\\/\\\/goodrooms.at\\\/wp-content\\\/uploads\\\/2017\\\/08\\\/bad-ischl-front-neu-1024x1024.jpg\",\"contentUrl\":\"https:\\\/\\\/goodrooms.at\\\/wp-content\\\/uploads\\\/2017\\\/08\\\/bad-ischl-front-neu-1024x1024.jpg\"},{\"@type\":\"BreadcrumbList\",\"@id\":\"https:\\\/\\\/goodrooms.at\\\/bad-ischl-anreise\\\/#breadcrumb\",\"itemListElement\":[{\"@type\":\"ListItem\",\"position\":1,\"name\":\"Startseite\",\"item\":\"https:\\\/\\\/goodrooms.at\\\/en\\\/good-rooms\\\/\"},{\"@type\":\"ListItem\",\"position\":2,\"name\":\"BAD ISCHL DIRECTIONS\"}]},{\"@type\":\"WebSite\",\"@id\":\"https:\\\/\\\/goodrooms.at\\\/#website\",\"url\":\"https:\\\/\\\/goodrooms.at\\\/\",\"name\":\"GOOD ROOMS HOTELS\",\"description\":\"Hotel Guntramsdorf &amp; Hotel Bad Ischl\",\"publisher\":{\"@id\":\"https:\\\/\\\/goodrooms.at\\\/#organization\"},\"potentialAction\":[{\"@type\":\"SearchAction\",\"target\":{\"@type\":\"EntryPoint\",\"urlTemplate\":\"https:\\\/\\\/goodrooms.at\\\/?s={search_term_string}\"},\"query-input\":{\"@type\":\"PropertyValueSpecification\",\"valueRequired\":true,\"valueName\":\"search_term_string\"}}],\"inLanguage\":\"en-US\"},{\"@type\":\"Organization\",\"@id\":\"https:\\\/\\\/goodrooms.at\\\/#organization\",\"name\":\"GOOD ROOMS HOTELS\",\"url\":\"https:\\\/\\\/goodrooms.at\\\/\",\"logo\":{\"@type\":\"ImageObject\",\"inLanguage\":\"en-US\",\"@id\":\"https:\\\/\\\/goodrooms.at\\\/#\\\/schema\\\/logo\\\/image\\\/\",\"url\":\"https:\\\/\\\/goodrooms.at\\\/wp-content\\\/uploads\\\/2017\\\/03\\\/logo-big.png\",\"contentUrl\":\"https:\\\/\\\/goodrooms.at\\\/wp-content\\\/uploads\\\/2017\\\/03\\\/logo-big.png\",\"width\":481,\"height\":211,\"caption\":\"GOOD ROOMS HOTELS\"},\"image\":{\"@id\":\"https:\\\/\\\/goodrooms.at\\\/#\\\/schema\\\/logo\\\/image\\\/\"}}]}<\/script>\n<!-- \/ Yoast SEO plugin. -->","yoast_head_json":{"title":"BAD ISCHL DIRECTIONS - GOOD ROOMS HOTELS","robots":{"index":"index","follow":"follow","max-snippet":"max-snippet:-1","max-image-preview":"max-image-preview:large","max-video-preview":"max-video-preview:-1"},"canonical":"https:\/\/goodrooms.at\/bad-ischl-anreise\/","og_locale":"en_US","og_type":"article","og_title":"BAD ISCHL DIRECTIONS - GOOD ROOMS HOTELS","og_description":"BOOKING BAD ISCHL PICTURES BAD ISCHL Aparthotel Good Rooms Bad Ischl DIRECTIONS Address Good Rooms GmbHHeadquarter: 2353 Guntramsdorf, Kammeringstra\u00dfe 10Hotel Guntramsdorf: 2353 Guntramsdorf, Guttmannstra\u00dfe 1(GPS : Kammeringstra\u00dfe 10)Hotel Bad Ischl: 4820 Bad Ischl, Lindaustra\u00dfe 12 email: office@goodrooms.attel: +43 676 54 47 027tel: +43 676 36 04 909 Directions by train and bus Bad Ischl station [&hellip;]","og_url":"https:\/\/goodrooms.at\/bad-ischl-anreise\/","og_site_name":"GOOD ROOMS HOTELS","article_modified_time":"2024-07-08T11:36:38+00:00","og_image":[{"url":"https:\/\/goodrooms.at\/wp-content\/uploads\/2017\/08\/bad-ischl-front-neu-1024x1024.jpg","type":"","width":"","height":""}],"twitter_card":"summary_large_image","twitter_misc":{"Est. reading time":"2 minutes"},"schema":{"@context":"https:\/\/schema.org","@graph":[{"@type":"WebPage","@id":"https:\/\/goodrooms.at\/bad-ischl-anreise\/","url":"https:\/\/goodrooms.at\/bad-ischl-anreise\/","name":"BAD ISCHL DIRECTIONS - GOOD ROOMS HOTELS","isPartOf":{"@id":"https:\/\/goodrooms.at\/#website"},"primaryImageOfPage":{"@id":"https:\/\/goodrooms.at\/bad-ischl-anreise\/#primaryimage"},"image":{"@id":"https:\/\/goodrooms.at\/bad-ischl-anreise\/#primaryimage"},"thumbnailUrl":"https:\/\/goodrooms.at\/wp-content\/uploads\/2017\/08\/bad-ischl-front-neu-1024x1024.jpg","datePublished":"2017-05-10T21:19:41+00:00","dateModified":"2024-07-08T11:36:38+00:00","breadcrumb":{"@id":"https:\/\/goodrooms.at\/bad-ischl-anreise\/#breadcrumb"},"inLanguage":"en-US","potentialAction":[{"@type":"ReadAction","target":["https:\/\/goodrooms.at\/bad-ischl-anreise\/"]}]},{"@type":"ImageObject","inLanguage":"en-US","@id":"https:\/\/goodrooms.at\/bad-ischl-anreise\/#primaryimage","url":"https:\/\/goodrooms.at\/wp-content\/uploads\/2017\/08\/bad-ischl-front-neu-1024x1024.jpg","contentUrl":"https:\/\/goodrooms.at\/wp-content\/uploads\/2017\/08\/bad-ischl-front-neu-1024x1024.jpg"},{"@type":"BreadcrumbList","@id":"https:\/\/goodrooms.at\/bad-ischl-anreise\/#breadcrumb","itemListElement":[{"@type":"ListItem","position":1,"name":"Startseite","item":"https:\/\/goodrooms.at\/en\/good-rooms\/"},{"@type":"ListItem","position":2,"name":"BAD ISCHL DIRECTIONS"}]},{"@type":"WebSite","@id":"https:\/\/goodrooms.at\/#website","url":"https:\/\/goodrooms.at\/","name":"GOOD ROOMS HOTELS","description":"Hotel Guntramsdorf &amp; Hotel Bad Ischl","publisher":{"@id":"https:\/\/goodrooms.at\/#organization"},"potentialAction":[{"@type":"SearchAction","target":{"@type":"EntryPoint","urlTemplate":"https:\/\/goodrooms.at\/?s={search_term_string}"},"query-input":{"@type":"PropertyValueSpecification","valueRequired":true,"valueName":"search_term_string"}}],"inLanguage":"en-US"},{"@type":"Organization","@id":"https:\/\/goodrooms.at\/#organization","name":"GOOD ROOMS HOTELS","url":"https:\/\/goodrooms.at\/","logo":{"@type":"ImageObject","inLanguage":"en-US","@id":"https:\/\/goodrooms.at\/#\/schema\/logo\/image\/","url":"https:\/\/goodrooms.at\/wp-content\/uploads\/2017\/03\/logo-big.png","contentUrl":"https:\/\/goodrooms.at\/wp-content\/uploads\/2017\/03\/logo-big.png","width":481,"height":211,"caption":"GOOD ROOMS HOTELS"},"image":{"@id":"https:\/\/goodrooms.at\/#\/schema\/logo\/image\/"}}]}},"_links":{"self":[{"href":"https:\/\/goodrooms.at\/en\/wp-json\/wp\/v2\/pages\/734","targetHints":{"allow":["GET"]}}],"collection":[{"href":"https:\/\/goodrooms.at\/en\/wp-json\/wp\/v2\/pages"}],"about":[{"href":"https:\/\/goodrooms.at\/en\/wp-json\/wp\/v2\/types\/page"}],"author":[{"embeddable":true,"href":"https:\/\/goodrooms.at\/en\/wp-json\/wp\/v2\/users\/1"}],"replies":[{"embeddable":true,"href":"https:\/\/goodrooms.at\/en\/wp-json\/wp\/v2\/comments?post=734"}],"version-history":[{"count":0,"href":"https:\/\/goodrooms.at\/en\/wp-json\/wp\/v2\/pages\/734\/revisions"}],"wp:attachment":[{"href":"https:\/\/goodrooms.at\/en\/wp-json\/wp\/v2\/media?parent=734"}],"curies":[{"name":"wp","href":"https:\/\/api.w.org\/{rel}","templated":true}]}}